{"id":82,"date":"2021-12-13T13:45:31","date_gmt":"2021-12-13T12:45:31","guid":{"rendered":"http:\/\/www.part-oldalak.hu\/wordpress\/?page_id=82"},"modified":"2022-01-19T13:22:39","modified_gmt":"2022-01-19T12:22:39","slug":"kozelet","status":"publish","type":"page","link":"https:\/\/www.part-oldalak.hu\/wordpress\/kozelet\/","title":{"rendered":"K\u00f6z\u00e9let"},"content":{"rendered":"\n<div class=\"wp-block-group is-layout-flow wp-block-group-is-layout-flow\">\n<div class=\"wp-block-columns is-layout-flex wp-container-core-columns-is-layout-1 wp-block-columns-is-layout-flex\">\n<div class=\"wp-block-column is-layout-flow wp-block-column-is-layout-flow\">\n<div class=\"wp-block-query is-layout-flow wp-block-query-is-layout-flow\"><ul class=\"is-flex-container columns-3 wp-block-post-template is-layout-flow wp-block-post-template-is-layout-flow\"><li class=\"wp-block-post post-12987 post type-post status-publish format-standard has-post-thumbnail hentry category-kozelet tag-kozelet\">\n\n<div class=\"wp-block-group is-layout-flow wp-block-group-is-layout-flow\" style=\"padding-top:30px;padding-right:30px;padding-bottom:30px;padding-left:30px\"><h2 class=\"wp-block-post-title\"><a href=\"https:\/\/www.part-oldalak.hu\/wordpress\/2026\/04\/13\/rendorsegi-tajekoztato-aprilis\/\" target=\"_self\" >Rend\u0151rs\u00e9gi t\u00e1j\u00e9koztat\u00f3 &#8211; \u00e1prilis<\/a><\/h2>\n\n<div class=\"wp-block-post-excerpt\"><p class=\"wp-block-post-excerpt__excerpt\">A dunaf\u00f6ldv\u00e1ri rend\u0151rs\u00e9g az al\u00e1bbiakban t\u00e1j\u00e9koztatja a lakoss\u00e1got az elm\u00falt id\u0151szak k\u00f6zbiztons\u00e1gi tapasztalatair\u00f3l \u00e9s a kiemelt figyelmet ig\u00e9nyl\u0151 ter\u00fcletekr\u0151l.<\/p><p class=\"wp-block-post-excerpt__more-text\"><a class=\"wp-block-post-excerpt__more-link\" href=\"https:\/\/www.part-oldalak.hu\/wordpress\/2026\/04\/13\/rendorsegi-tajekoztato-aprilis\/\"> Olvass tov\u00e1bb <\/a><\/p><\/div>\n\n<div class=\"wp-block-post-date\"><time datetime=\"2026-04-13T23:03:28+01:00\">2026.04.13.<\/time><\/div><\/div>\n\n<\/li><li class=\"wp-block-post post-12913 post type-post status-publish format-standard has-post-thumbnail hentry category-kozelet tag-kozelet\">\n\n<div class=\"wp-block-group is-layout-flow wp-block-group-is-layout-flow\" style=\"padding-top:30px;padding-right:30px;padding-bottom:30px;padding-left:30px\"><h2 class=\"wp-block-post-title\"><a href=\"https:\/\/www.part-oldalak.hu\/wordpress\/2026\/03\/06\/rendorsegi-tajekoztato-marcius\/\" target=\"_self\" >Rend\u0151rs\u00e9gi t\u00e1j\u00e9koztat\u00f3 &#8211; m\u00e1rcius<\/a><\/h2>\n\n<div class=\"wp-block-post-excerpt\"><p class=\"wp-block-post-excerpt__excerpt\">A rend\u0151rs\u00e9g a k\u00f6vetkez\u0151 id\u0151szakban is fokozott jelenl\u00e9ttel, egy\u00fcttm\u0171k\u00f6d\u00e9ssel \u00e9s ellen\u0151rz\u00e9sekkel k\u00edv\u00e1nja biztos\u00edtani a k\u00f6zrendet \u00e9s k\u00f6zbiztons\u00e1got. A lakoss\u00e1g egy\u00fcttm\u0171k\u00f6d\u00e9se kulcsfontoss\u00e1g\u00fa a megel\u0151z\u00e9s \u00e9s a hat\u00e9kony fell\u00e9p\u00e9s \u00e9rdek\u00e9ben.<\/p><p class=\"wp-block-post-excerpt__more-text\"><a class=\"wp-block-post-excerpt__more-link\" href=\"https:\/\/www.part-oldalak.hu\/wordpress\/2026\/03\/06\/rendorsegi-tajekoztato-marcius\/\"> Olvass tov\u00e1bb <\/a><\/p><\/div>\n\n<div class=\"wp-block-post-date\"><time datetime=\"2026-03-06T00:27:50+01:00\">2026.03.06.<\/time><\/div><\/div>\n\n<\/li><li class=\"wp-block-post post-12871 post type-post status-publish format-standard has-post-thumbnail hentry category-kozelet category-mozaik tag-kozelet\">\n\n<div class=\"wp-block-group is-layout-flow wp-block-group-is-layout-flow\" style=\"padding-top:30px;padding-right:30px;padding-bottom:30px;padding-left:30px\"><h2 class=\"wp-block-post-title\"><a href=\"https:\/\/www.part-oldalak.hu\/wordpress\/2026\/02\/14\/evertekelo-es-jovokep-az-aztakeservit-ertekor-egyesuletnel\/\" target=\"_self\" >\u00c9v\u00e9rt\u00e9kel\u0151 \u00e9s j\u00f6v\u0151k\u00e9p az Aztakeservit \u00c9rt\u00e9k\u0151r Egyes\u00fcletn\u00e9l<\/a><\/h2>\n\n<div class=\"wp-block-post-excerpt\"><p class=\"wp-block-post-excerpt__excerpt\">Febru\u00e1r az \u00e9v\u00e9rt\u00e9kel\u00e9sek id\u0151szaka \u2013 ilyenkor m\u00e9g visszatekint\u00fcnk az elm\u00falt esztend\u0151 eredm\u00e9nyeire, mik\u00f6zben m\u00e1r a j\u00f6v\u0151 tervei is form\u00e1l\u00f3dnak. \u00cdgy tett az Aztakeservit \u00c9rt\u00e9k\u0151regyes\u00fclet is, amely az elm\u00falt \u00e9vekben nemcsak helyi, hanem orsz\u00e1gos szinten is ismertt\u00e9 v\u00e1lt. A dunaf\u00f6ldv\u00e1ri k\u00f6z\u00f6ss\u00e9g munk\u00e1j\u00e1r\u00f3l telev\u00edzi\u00f3s m\u0171sor is k\u00e9sz\u00fclt, ami j\u00f3l mutatja: amit csin\u00e1lnak, t\u00falmutat egy egyszer\u0171 civil kezdem\u00e9nyez\u00e9sen.&hellip;<\/p><p class=\"wp-block-post-excerpt__more-text\"><a class=\"wp-block-post-excerpt__more-link\" href=\"https:\/\/www.part-oldalak.hu\/wordpress\/2026\/02\/14\/evertekelo-es-jovokep-az-aztakeservit-ertekor-egyesuletnel\/\"> Olvass tov\u00e1bb <\/a><\/p><\/div>\n\n<div class=\"wp-block-post-date\"><time datetime=\"2026-02-14T13:52:01+01:00\">2026.02.14.<\/time><\/div><\/div>\n\n<\/li><li class=\"wp-block-post post-12798 post type-post status-publish format-standard has-post-thumbnail hentry category-kozelet tag-kozelet\">\n\n<div class=\"wp-block-group is-layout-flow wp-block-group-is-layout-flow\" style=\"padding-top:30px;padding-right:30px;padding-bottom:30px;padding-left:30px\"><h2 class=\"wp-block-post-title\"><a href=\"https:\/\/www.part-oldalak.hu\/wordpress\/2026\/01\/19\/rendorsegi-tajekoztato-8\/\" target=\"_self\" >Rend\u0151rs\u00e9gi t\u00e1j\u00e9koztat\u00f3<\/a><\/h2>\n\n<div class=\"wp-block-post-excerpt\"><p class=\"wp-block-post-excerpt__excerpt\">Kulcs\u00e1r Szabolcs \u0151rsparancsnok t\u00f6bbek k\u00f6z\u00f6tt a t\u00e9li id\u0151szak fontos k\u00f6zleked\u00e9sbiztons\u00e1gi feladatair\u00f3l is besz\u00e9lt aktu\u00e1lis t\u00e1j\u00e9koztat\u00f3j\u00e1ban.<\/p><p class=\"wp-block-post-excerpt__more-text\"><a class=\"wp-block-post-excerpt__more-link\" href=\"https:\/\/www.part-oldalak.hu\/wordpress\/2026\/01\/19\/rendorsegi-tajekoztato-8\/\"> Olvass tov\u00e1bb <\/a><\/p><\/div>\n\n<div class=\"wp-block-post-date\"><time datetime=\"2026-01-19T22:36:39+01:00\">2026.01.19.<\/time><\/div><\/div>\n\n<\/li><li class=\"wp-block-post post-12702 post type-post status-publish format-standard has-post-thumbnail hentry category-kozelet tag-kozelet\">\n\n<div class=\"wp-block-group is-layout-flow wp-block-group-is-layout-flow\" style=\"padding-top:30px;padding-right:30px;padding-bottom:30px;padding-left:30px\"><h2 class=\"wp-block-post-title\"><a href=\"https:\/\/www.part-oldalak.hu\/wordpress\/2025\/11\/19\/rendorsegi-tajekoztato-november\/\" target=\"_self\" >Rend\u0151rs\u00e9gi t\u00e1j\u00e9koztat\u00f3 \u2013 november<\/a><\/h2>\n\n<div class=\"wp-block-post-excerpt\"><p class=\"wp-block-post-excerpt__excerpt\">A t\u00e9l k\u00f6zeledt\u00e9vel a rend\u0151rs\u00e9g k\u00e9ri a lakoss\u00e1g fokozott figyelm\u00e9t a k\u00f6zleked\u00e9sben, a vagyonbiztons\u00e1g meg\u0151rz\u00e9s\u00e9ben \u00e9s az online csal\u00e1sok megel\u0151z\u00e9s\u00e9ben.<\/p><p class=\"wp-block-post-excerpt__more-text\"><a class=\"wp-block-post-excerpt__more-link\" href=\"https:\/\/www.part-oldalak.hu\/wordpress\/2025\/11\/19\/rendorsegi-tajekoztato-november\/\"> Olvass tov\u00e1bb <\/a><\/p><\/div>\n\n<div class=\"wp-block-post-date\"><time datetime=\"2025-11-19T01:28:46+01:00\">2025.11.19.<\/time><\/div><\/div>\n\n<\/li><li class=\"wp-block-post post-12596 post type-post status-publish format-standard has-post-thumbnail hentry category-kozelet tag-kozelet\">\n\n<div class=\"wp-block-group is-layout-flow wp-block-group-is-layout-flow\" style=\"padding-top:30px;padding-right:30px;padding-bottom:30px;padding-left:30px\"><h2 class=\"wp-block-post-title\"><a href=\"https:\/\/www.part-oldalak.hu\/wordpress\/2025\/09\/14\/rendorsegi-tajekoztato-7\/\" target=\"_self\" >Rend\u0151rs\u00e9gi t\u00e1j\u00e9koztat\u00f3<\/a><\/h2>\n\n<div class=\"wp-block-post-excerpt\"><p class=\"wp-block-post-excerpt__excerpt\">A helyi rend\u0151rkapit\u00e1nys\u00e1g az al\u00e1bbiakr\u00f3l t\u00e1j\u00e9koztatja a lakoss\u00e1got az elm\u00falt id\u0151szak esem\u00e9nyeivel, valamint az el\u0151tt\u00fcnk \u00e1ll\u00f3 id\u0151szak kiemelt feladataival kapcsolatban.<\/p><p class=\"wp-block-post-excerpt__more-text\"><a class=\"wp-block-post-excerpt__more-link\" href=\"https:\/\/www.part-oldalak.hu\/wordpress\/2025\/09\/14\/rendorsegi-tajekoztato-7\/\"> Olvass tov\u00e1bb <\/a><\/p><\/div>\n\n<div class=\"wp-block-post-date\"><time datetime=\"2025-09-14T22:13:39+01:00\">2025.09.14.<\/time><\/div><\/div>\n\n<\/li><\/ul><\/div>\n<\/div>\n<\/div>\n<\/div>\n\n\n\n<p><\/p>\n","protected":false},"excerpt":{"rendered":"","protected":false},"author":2,"featured_media":0,"parent":0,"menu_order":0,"comment_status":"closed","ping_status":"closed","template":"","meta":{"_monsterinsights_skip_tracking":false,"_monsterinsights_sitenote_active":false,"_monsterinsights_sitenote_note":"","_monsterinsights_sitenote_category":0,"footnotes":""},"class_list":["post-82","page","type-page","status-publish","hentry"],"aioseo_notices":[],"yoast_head":"<!-- This site is optimized with the Yoast SEO plugin v25.6 - https:\/\/yoast.com\/wordpress\/plugins\/seo\/ -->\n<title>K\u00f6z\u00e9let - Part-Oldalak Kultur\u00e1lis Egylet<\/title>\n<meta name=\"robots\" content=\"index, follow, max-snippet:-1, max-image-preview:large, max-video-preview:-1\" \/>\n<link rel=\"canonical\" href=\"https:\/\/www.part-oldalak.hu\/wordpress\/kozelet\/\" \/>\n<meta property=\"og:locale\" content=\"hu_HU\" \/>\n<meta property=\"og:type\" content=\"article\" \/>\n<meta property=\"og:title\" content=\"K\u00f6z\u00e9let - Part-Oldalak Kultur\u00e1lis Egylet\" \/>\n<meta property=\"og:url\" content=\"https:\/\/www.part-oldalak.hu\/wordpress\/kozelet\/\" \/>\n<meta property=\"og:site_name\" content=\"Part-Oldalak Kultur\u00e1lis Egylet\" \/>\n<meta property=\"article:modified_time\" content=\"2022-01-19T12:22:39+00:00\" \/>\n<meta name=\"twitter:card\" content=\"summary_large_image\" \/>\n<script type=\"application\/ld+json\" class=\"yoast-schema-graph\">{\"@context\":\"https:\/\/schema.org\",\"@graph\":[{\"@type\":\"WebPage\",\"@id\":\"https:\/\/www.part-oldalak.hu\/wordpress\/kozelet\/\",\"url\":\"https:\/\/www.part-oldalak.hu\/wordpress\/kozelet\/\",\"name\":\"K\u00f6z\u00e9let - Part-Oldalak Kultur\u00e1lis Egylet\",\"isPartOf\":{\"@id\":\"https:\/\/www.part-oldalak.hu\/wordpress\/#website\"},\"datePublished\":\"2021-12-13T12:45:31+00:00\",\"dateModified\":\"2022-01-19T12:22:39+00:00\",\"breadcrumb\":{\"@id\":\"https:\/\/www.part-oldalak.hu\/wordpress\/kozelet\/#breadcrumb\"},\"inLanguage\":\"hu\",\"potentialAction\":[{\"@type\":\"ReadAction\",\"target\":[\"https:\/\/www.part-oldalak.hu\/wordpress\/kozelet\/\"]}]},{\"@type\":\"BreadcrumbList\",\"@id\":\"https:\/\/www.part-oldalak.hu\/wordpress\/kozelet\/#breadcrumb\",\"itemListElement\":[{\"@type\":\"ListItem\",\"position\":1,\"name\":\"Kezd\u0151lap\",\"item\":\"https:\/\/www.part-oldalak.hu\/wordpress\/\"},{\"@type\":\"ListItem\",\"position\":2,\"name\":\"K\u00f6z\u00e9let\"}]},{\"@type\":\"WebSite\",\"@id\":\"https:\/\/www.part-oldalak.hu\/wordpress\/#website\",\"url\":\"https:\/\/www.part-oldalak.hu\/wordpress\/\",\"name\":\"Part-Oldalak Kultur\u00e1lis Egylet\",\"description\":\"\",\"potentialAction\":[{\"@type\":\"SearchAction\",\"target\":{\"@type\":\"EntryPoint\",\"urlTemplate\":\"https:\/\/www.part-oldalak.hu\/wordpress\/?s={search_term_string}\"},\"query-input\":{\"@type\":\"PropertyValueSpecification\",\"valueRequired\":true,\"valueName\":\"search_term_string\"}}],\"inLanguage\":\"hu\"}]}<\/script>\n<!-- \/ Yoast SEO plugin. -->","yoast_head_json":{"title":"K\u00f6z\u00e9let - Part-Oldalak Kultur\u00e1lis Egylet","robots":{"index":"index","follow":"follow","max-snippet":"max-snippet:-1","max-image-preview":"max-image-preview:large","max-video-preview":"max-video-preview:-1"},"canonical":"https:\/\/www.part-oldalak.hu\/wordpress\/kozelet\/","og_locale":"hu_HU","og_type":"article","og_title":"K\u00f6z\u00e9let - Part-Oldalak Kultur\u00e1lis Egylet","og_url":"https:\/\/www.part-oldalak.hu\/wordpress\/kozelet\/","og_site_name":"Part-Oldalak Kultur\u00e1lis Egylet","article_modified_time":"2022-01-19T12:22:39+00:00","twitter_card":"summary_large_image","schema":{"@context":"https:\/\/schema.org","@graph":[{"@type":"WebPage","@id":"https:\/\/www.part-oldalak.hu\/wordpress\/kozelet\/","url":"https:\/\/www.part-oldalak.hu\/wordpress\/kozelet\/","name":"K\u00f6z\u00e9let - Part-Oldalak Kultur\u00e1lis Egylet","isPartOf":{"@id":"https:\/\/www.part-oldalak.hu\/wordpress\/#website"},"datePublished":"2021-12-13T12:45:31+00:00","dateModified":"2022-01-19T12:22:39+00:00","breadcrumb":{"@id":"https:\/\/www.part-oldalak.hu\/wordpress\/kozelet\/#breadcrumb"},"inLanguage":"hu","potentialAction":[{"@type":"ReadAction","target":["https:\/\/www.part-oldalak.hu\/wordpress\/kozelet\/"]}]},{"@type":"BreadcrumbList","@id":"https:\/\/www.part-oldalak.hu\/wordpress\/kozelet\/#breadcrumb","itemListElement":[{"@type":"ListItem","position":1,"name":"Kezd\u0151lap","item":"https:\/\/www.part-oldalak.hu\/wordpress\/"},{"@type":"ListItem","position":2,"name":"K\u00f6z\u00e9let"}]},{"@type":"WebSite","@id":"https:\/\/www.part-oldalak.hu\/wordpress\/#website","url":"https:\/\/www.part-oldalak.hu\/wordpress\/","name":"Part-Oldalak Kultur\u00e1lis Egylet","description":"","potentialAction":[{"@type":"SearchAction","target":{"@type":"EntryPoint","urlTemplate":"https:\/\/www.part-oldalak.hu\/wordpress\/?s={search_term_string}"},"query-input":{"@type":"PropertyValueSpecification","valueRequired":true,"valueName":"search_term_string"}}],"inLanguage":"hu"}]}},"_links":{"self":[{"href":"https:\/\/www.part-oldalak.hu\/wordpress\/wp-json\/wp\/v2\/pages\/82"}],"collection":[{"href":"https:\/\/www.part-oldalak.hu\/wordpress\/wp-json\/wp\/v2\/pages"}],"about":[{"href":"https:\/\/www.part-oldalak.hu\/wordpress\/wp-json\/wp\/v2\/types\/page"}],"author":[{"embeddable":true,"href":"https:\/\/www.part-oldalak.hu\/wordpress\/wp-json\/wp\/v2\/users\/2"}],"replies":[{"embeddable":true,"href":"https:\/\/www.part-oldalak.hu\/wordpress\/wp-json\/wp\/v2\/comments?post=82"}],"version-history":[{"count":8,"href":"https:\/\/www.part-oldalak.hu\/wordpress\/wp-json\/wp\/v2\/pages\/82\/revisions"}],"predecessor-version":[{"id":376,"href":"https:\/\/www.part-oldalak.hu\/wordpress\/wp-json\/wp\/v2\/pages\/82\/revisions\/376"}],"wp:attachment":[{"href":"https:\/\/www.part-oldalak.hu\/wordpress\/wp-json\/wp\/v2\/media?parent=82"}],"curies":[{"name":"wp","href":"https:\/\/api.w.org\/{rel}","templated":true}]}}