{"id":81,"date":"2021-12-13T13:45:20","date_gmt":"2021-12-13T13:45:20","guid":{"rendered":"http:\/\/www.part-oldalak.hu\/wordpress\/?page_id=81"},"modified":"2022-01-19T13:23:50","modified_gmt":"2022-01-19T12:23:50","slug":"sport","status":"publish","type":"page","link":"https:\/\/www.part-oldalak.hu\/wordpress\/sport\/","title":{"rendered":"Sport"},"content":{"rendered":"\n<div class=\"wp-block-query is-layout-flow wp-block-query-is-layout-flow\"><ul class=\"is-flex-container columns-3 wp-block-post-template is-layout-flow wp-block-post-template-is-layout-flow\"><li class=\"wp-block-post post-12953 post type-post status-publish format-standard has-post-thumbnail hentry category-sport tag-sport\">\n\n<div class=\"wp-block-group is-layout-flow wp-block-group-is-layout-flow\" style=\"padding-top:30px;padding-right:30px;padding-bottom:30px;padding-left:30px\"><h2 class=\"wp-block-post-title\"><a href=\"https:\/\/www.part-oldalak.hu\/wordpress\/2026\/03\/20\/altalanos-iskolasok-kezilabdas-diakolimpiai-sikerei\/\" target=\"_self\" >\u00c1ltal\u00e1nos iskol\u00e1sok k\u00e9zilabd\u00e1s di\u00e1kolimpiai sikerei<\/a><\/h2>\n\n<div class=\"wp-block-post-excerpt\"><p class=\"wp-block-post-excerpt__excerpt\">A fi\u00fa- \u00e9s a l\u00e1nycsapat is a v\u00e1rmegyei d\u00f6nt\u0151be jutott. <\/p><\/div>\n\n<div class=\"wp-block-post-date\"><time datetime=\"2026-03-20T22:36:25+01:00\">2026.03.20.<\/time><\/div><\/div>\n\n<\/li><li class=\"wp-block-post post-12892 post type-post status-publish format-standard has-post-thumbnail hentry category-sport tag-sport\">\n\n<div class=\"wp-block-group is-layout-flow wp-block-group-is-layout-flow\" style=\"padding-top:30px;padding-right:30px;padding-bottom:30px;padding-left:30px\"><h2 class=\"wp-block-post-title\"><a href=\"https:\/\/www.part-oldalak.hu\/wordpress\/2026\/02\/20\/a-gimnazium-mindket-roplabdacsapata-aranyermes-a-varmegyei-diakolimpian\/\" target=\"_self\" >A gimn\u00e1zium mindk\u00e9t r\u00f6plabdacsapata arany\u00e9rmes a v\u00e1rmegyei di\u00e1kolimpi\u00e1n<\/a><\/h2>\n\n<div class=\"wp-block-post-excerpt\"><p class=\"wp-block-post-excerpt__excerpt\">Mindk\u00e9t csapatunk v\u00e1rmegye bajnokk\u00e9nt v\u00e1rja a folytat\u00e1st. <\/p><\/div>\n\n<div class=\"wp-block-post-date\"><time datetime=\"2026-02-20T00:19:45+01:00\">2026.02.20.<\/time><\/div><\/div>\n\n<\/li><li class=\"wp-block-post post-12835 post type-post status-publish format-standard has-post-thumbnail hentry category-sport tag-sport\">\n\n<div class=\"wp-block-group is-layout-flow wp-block-group-is-layout-flow\" style=\"padding-top:30px;padding-right:30px;padding-bottom:30px;padding-left:30px\"><h2 class=\"wp-block-post-title\"><a href=\"https:\/\/www.part-oldalak.hu\/wordpress\/2026\/01\/27\/az-ev-edzoi\/\" target=\"_self\" >Az \u00e9v edz\u0151i<\/a><\/h2>\n\n<div class=\"wp-block-post-excerpt\"><p class=\"wp-block-post-excerpt__excerpt\">A labdar\u00fag\u00f3 \u00e9s a k\u00e9zilabda szakoszt\u00e1ly egy-egy edz\u0151j\u00e9t d\u00edjazt\u00e1k. <\/p><\/div>\n\n<div class=\"wp-block-post-date\"><time datetime=\"2026-01-27T23:01:13+01:00\">2026.01.27.<\/time><\/div><\/div>\n\n<\/li><li class=\"wp-block-post post-12807 post type-post status-publish format-standard has-post-thumbnail hentry category-sport tag-sport\">\n\n<div class=\"wp-block-group is-layout-flow wp-block-group-is-layout-flow\" style=\"padding-top:30px;padding-right:30px;padding-bottom:30px;padding-left:30px\"><h2 class=\"wp-block-post-title\"><a href=\"https:\/\/www.part-oldalak.hu\/wordpress\/2026\/01\/20\/fiatal-sportolok-kituntetese-a-var-ettermi-galan\/\" target=\"_self\" >Fiatal sportol\u00f3k kit\u00fcntet\u00e9se a V\u00e1r \u00e9ttermi g\u00e1l\u00e1n<\/a><\/h2>\n\n<div class=\"wp-block-post-excerpt\"><p class=\"wp-block-post-excerpt__excerpt\">\u00c9vz\u00e1r\u00f3 \u00fcnneps\u00e9get tartott v\u00e1rosunkban az akad\u00e9mia. <\/p><\/div>\n\n<div class=\"wp-block-post-date\"><time datetime=\"2026-01-20T23:12:19+01:00\">2026.01.20.<\/time><\/div><\/div>\n\n<\/li><li class=\"wp-block-post post-12747 post type-post status-publish format-standard has-post-thumbnail hentry category-sport tag-sport\">\n\n<div class=\"wp-block-group is-layout-flow wp-block-group-is-layout-flow\" style=\"padding-top:30px;padding-right:30px;padding-bottom:30px;padding-left:30px\"><h2 class=\"wp-block-post-title\"><a href=\"https:\/\/www.part-oldalak.hu\/wordpress\/2025\/12\/20\/elkezdtek-diakolimpiai-szereplesuket-a-gimnazium-roplabdasai\/\" target=\"_self\" >Elkezdt\u00e9k di\u00e1kolimpiai szerepl\u00e9s\u00fcket a gimn\u00e1zium r\u00f6plabd\u00e1sai<\/a><\/h2>\n\n<div class=\"wp-block-post-excerpt\"><p class=\"wp-block-post-excerpt__excerpt\">A profik k\u00f6zt is meg\u00e1llt\u00e1k a hely\u00fcket. <\/p><\/div>\n\n<div class=\"wp-block-post-date\"><time datetime=\"2025-12-20T13:41:32+01:00\">2025.12.20.<\/time><\/div><\/div>\n\n<\/li><li class=\"wp-block-post post-12628 post type-post status-publish format-standard has-post-thumbnail hentry category-sport tag-sport\">\n\n<div class=\"wp-block-group is-layout-flow wp-block-group-is-layout-flow\" style=\"padding-top:30px;padding-right:30px;padding-bottom:30px;padding-left:30px\"><h2 class=\"wp-block-post-title\"><a href=\"https:\/\/www.part-oldalak.hu\/wordpress\/2025\/09\/25\/a-varmegyei-elso-osztalyban-kezdi-az-oszi-szezont-az-fc-dunafoldvar\/\" target=\"_self\" >A v\u00e1rmegyei els\u0151 oszt\u00e1lyban kezdi az \u0151szi szezont az FC Dunaf\u00f6ldv\u00e1r<\/a><\/h2>\n\n<div class=\"wp-block-post-excerpt\"><p class=\"wp-block-post-excerpt__excerpt\">K\u00e9t \u00e9v az NB III-ban. <\/p><\/div>\n\n<div class=\"wp-block-post-date\"><time datetime=\"2025-09-25T21:43:44+01:00\">2025.09.25.<\/time><\/div><\/div>\n\n<\/li><\/ul><\/div>\n","protected":false},"excerpt":{"rendered":"","protected":false},"author":2,"featured_media":0,"parent":0,"menu_order":0,"comment_status":"closed","ping_status":"closed","template":"","meta":{"_monsterinsights_skip_tracking":false,"_monsterinsights_sitenote_active":false,"_monsterinsights_sitenote_note":"","_monsterinsights_sitenote_category":0,"footnotes":""},"class_list":["post-81","page","type-page","status-publish","hentry"],"aioseo_notices":[],"yoast_head":"<!-- This site is optimized with the Yoast SEO plugin v25.6 - https:\/\/yoast.com\/wordpress\/plugins\/seo\/ -->\n<title>Sport - Part-Oldalak Kultur\u00e1lis Egylet<\/title>\n<meta name=\"robots\" content=\"index, follow, max-snippet:-1, max-image-preview:large, max-video-preview:-1\" \/>\n<link rel=\"canonical\" href=\"https:\/\/www.part-oldalak.hu\/wordpress\/sport\/\" \/>\n<meta property=\"og:locale\" content=\"hu_HU\" \/>\n<meta property=\"og:type\" content=\"article\" \/>\n<meta property=\"og:title\" content=\"Sport - Part-Oldalak Kultur\u00e1lis Egylet\" \/>\n<meta property=\"og:url\" content=\"https:\/\/www.part-oldalak.hu\/wordpress\/sport\/\" \/>\n<meta property=\"og:site_name\" content=\"Part-Oldalak Kultur\u00e1lis Egylet\" \/>\n<meta property=\"article:modified_time\" content=\"2022-01-19T12:23:50+00:00\" \/>\n<meta name=\"twitter:card\" content=\"summary_large_image\" \/>\n<script type=\"application\/ld+json\" class=\"yoast-schema-graph\">{\"@context\":\"https:\/\/schema.org\",\"@graph\":[{\"@type\":\"WebPage\",\"@id\":\"https:\/\/www.part-oldalak.hu\/wordpress\/sport\/\",\"url\":\"https:\/\/www.part-oldalak.hu\/wordpress\/sport\/\",\"name\":\"Sport - Part-Oldalak Kultur\u00e1lis Egylet\",\"isPartOf\":{\"@id\":\"https:\/\/www.part-oldalak.hu\/wordpress\/#website\"},\"datePublished\":\"2021-12-13T13:45:20+00:00\",\"dateModified\":\"2022-01-19T12:23:50+00:00\",\"breadcrumb\":{\"@id\":\"https:\/\/www.part-oldalak.hu\/wordpress\/sport\/#breadcrumb\"},\"inLanguage\":\"hu\",\"potentialAction\":[{\"@type\":\"ReadAction\",\"target\":[\"https:\/\/www.part-oldalak.hu\/wordpress\/sport\/\"]}]},{\"@type\":\"BreadcrumbList\",\"@id\":\"https:\/\/www.part-oldalak.hu\/wordpress\/sport\/#breadcrumb\",\"itemListElement\":[{\"@type\":\"ListItem\",\"position\":1,\"name\":\"Kezd\u0151lap\",\"item\":\"https:\/\/www.part-oldalak.hu\/wordpress\/\"},{\"@type\":\"ListItem\",\"position\":2,\"name\":\"Sport\"}]},{\"@type\":\"WebSite\",\"@id\":\"https:\/\/www.part-oldalak.hu\/wordpress\/#website\",\"url\":\"https:\/\/www.part-oldalak.hu\/wordpress\/\",\"name\":\"Part-Oldalak Kultur\u00e1lis Egylet\",\"description\":\"\",\"potentialAction\":[{\"@type\":\"SearchAction\",\"target\":{\"@type\":\"EntryPoint\",\"urlTemplate\":\"https:\/\/www.part-oldalak.hu\/wordpress\/?s={search_term_string}\"},\"query-input\":{\"@type\":\"PropertyValueSpecification\",\"valueRequired\":true,\"valueName\":\"search_term_string\"}}],\"inLanguage\":\"hu\"}]}<\/script>\n<!-- \/ Yoast SEO plugin. -->","yoast_head_json":{"title":"Sport - Part-Oldalak Kultur\u00e1lis Egylet","robots":{"index":"index","follow":"follow","max-snippet":"max-snippet:-1","max-image-preview":"max-image-preview:large","max-video-preview":"max-video-preview:-1"},"canonical":"https:\/\/www.part-oldalak.hu\/wordpress\/sport\/","og_locale":"hu_HU","og_type":"article","og_title":"Sport - Part-Oldalak Kultur\u00e1lis Egylet","og_url":"https:\/\/www.part-oldalak.hu\/wordpress\/sport\/","og_site_name":"Part-Oldalak Kultur\u00e1lis Egylet","article_modified_time":"2022-01-19T12:23:50+00:00","twitter_card":"summary_large_image","schema":{"@context":"https:\/\/schema.org","@graph":[{"@type":"WebPage","@id":"https:\/\/www.part-oldalak.hu\/wordpress\/sport\/","url":"https:\/\/www.part-oldalak.hu\/wordpress\/sport\/","name":"Sport - Part-Oldalak Kultur\u00e1lis Egylet","isPartOf":{"@id":"https:\/\/www.part-oldalak.hu\/wordpress\/#website"},"datePublished":"2021-12-13T13:45:20+00:00","dateModified":"2022-01-19T12:23:50+00:00","breadcrumb":{"@id":"https:\/\/www.part-oldalak.hu\/wordpress\/sport\/#breadcrumb"},"inLanguage":"hu","potentialAction":[{"@type":"ReadAction","target":["https:\/\/www.part-oldalak.hu\/wordpress\/sport\/"]}]},{"@type":"BreadcrumbList","@id":"https:\/\/www.part-oldalak.hu\/wordpress\/sport\/#breadcrumb","itemListElement":[{"@type":"ListItem","position":1,"name":"Kezd\u0151lap","item":"https:\/\/www.part-oldalak.hu\/wordpress\/"},{"@type":"ListItem","position":2,"name":"Sport"}]},{"@type":"WebSite","@id":"https:\/\/www.part-oldalak.hu\/wordpress\/#website","url":"https:\/\/www.part-oldalak.hu\/wordpress\/","name":"Part-Oldalak Kultur\u00e1lis Egylet","description":"","potentialAction":[{"@type":"SearchAction","target":{"@type":"EntryPoint","urlTemplate":"https:\/\/www.part-oldalak.hu\/wordpress\/?s={search_term_string}"},"query-input":{"@type":"PropertyValueSpecification","valueRequired":true,"valueName":"search_term_string"}}],"inLanguage":"hu"}]}},"_links":{"self":[{"href":"https:\/\/www.part-oldalak.hu\/wordpress\/wp-json\/wp\/v2\/pages\/81"}],"collection":[{"href":"https:\/\/www.part-oldalak.hu\/wordpress\/wp-json\/wp\/v2\/pages"}],"about":[{"href":"https:\/\/www.part-oldalak.hu\/wordpress\/wp-json\/wp\/v2\/types\/page"}],"author":[{"embeddable":true,"href":"https:\/\/www.part-oldalak.hu\/wordpress\/wp-json\/wp\/v2\/users\/2"}],"replies":[{"embeddable":true,"href":"https:\/\/www.part-oldalak.hu\/wordpress\/wp-json\/wp\/v2\/comments?post=81"}],"version-history":[{"count":2,"href":"https:\/\/www.part-oldalak.hu\/wordpress\/wp-json\/wp\/v2\/pages\/81\/revisions"}],"predecessor-version":[{"id":378,"href":"https:\/\/www.part-oldalak.hu\/wordpress\/wp-json\/wp\/v2\/pages\/81\/revisions\/378"}],"wp:attachment":[{"href":"https:\/\/www.part-oldalak.hu\/wordpress\/wp-json\/wp\/v2\/media?parent=81"}],"curies":[{"name":"wp","href":"https:\/\/api.w.org\/{rel}","templated":true}]}}