{"id":79,"date":"2021-12-13T13:45:02","date_gmt":"2021-12-13T13:45:02","guid":{"rendered":"http:\/\/www.part-oldalak.hu\/wordpress\/?page_id=79"},"modified":"2022-01-19T13:23:16","modified_gmt":"2022-01-19T12:23:16","slug":"mozaik","status":"publish","type":"page","link":"https:\/\/www.part-oldalak.hu\/wordpress\/mozaik\/","title":{"rendered":"Mozaik"},"content":{"rendered":"\n<div class=\"wp-block-query is-layout-flow wp-block-query-is-layout-flow\"><ul class=\"is-flex-container columns-3 wp-block-post-template is-layout-flow wp-block-post-template-is-layout-flow\"><li class=\"wp-block-post post-12998 post type-post status-publish format-standard has-post-thumbnail hentry category-mozaik tag-mozaik\">\n\n<div class=\"wp-block-group is-layout-flow wp-block-group-is-layout-flow\" style=\"padding-top:30px;padding-right:30px;padding-bottom:30px;padding-left:30px\"><h2 class=\"wp-block-post-title\"><a href=\"https:\/\/www.part-oldalak.hu\/wordpress\/2026\/04\/22\/rangos-kituntetesben-reszesult-varosunk-bolcsodeje\/\" target=\"_self\" >Rangos kit\u00fcntet\u00e9sben r\u00e9szes\u00fclt v\u00e1rosunk b\u00f6lcs\u0151d\u00e9je<\/a><\/h2>\n\n<div class=\"wp-block-post-excerpt\"><p class=\"wp-block-post-excerpt__excerpt\">Az elismer\u00e9s a t\u00f6bb\u00e9ves lelkiismeretes munk\u00e1nak sz\u00f3l. <\/p><\/div>\n\n<div class=\"wp-block-post-date\"><time datetime=\"2026-04-22T23:38:40+01:00\">2026.04.22.<\/time><\/div><\/div>\n\n<\/li><li class=\"wp-block-post post-12973 post type-post status-publish format-standard has-post-thumbnail hentry category-mozaik tag-mozaik\">\n\n<div class=\"wp-block-group is-layout-flow wp-block-group-is-layout-flow\" style=\"padding-top:30px;padding-right:30px;padding-bottom:30px;padding-left:30px\"><h2 class=\"wp-block-post-title\"><a href=\"https:\/\/www.part-oldalak.hu\/wordpress\/2026\/03\/28\/kreativ-vallalkozas-es-tudomanyos-palya-papp-dominika\/\" target=\"_self\" >Kreat\u00edv v\u00e1llalkoz\u00e1s \u00e9s tudom\u00e1nyos p\u00e1lya: Papp Dominika<\/a><\/h2>\n\n<div class=\"wp-block-post-excerpt\"><p class=\"wp-block-post-excerpt__excerpt\">Papp Dominika \u00e9let\u00fatja tudatos \u00e9p\u00edtkez\u00e9st mutat: a term\u00e9szettudom\u00e1nyos p\u00e1lya, a sport \u00e9s a kreat\u00edv alkot\u00e1s egym\u00e1st er\u0151s\u00edtve van jelen. A dekor\u00e1ci\u00f3 sz\u00e1m\u00e1ra nem csup\u00e1n hobbi, hanem fokozatosan form\u00e1l\u00f3d\u00f3 \u00f6nkifejez\u00e9s is. <\/p><\/div>\n\n<div class=\"wp-block-post-date\"><time datetime=\"2026-03-28T17:36:00+01:00\">2026.03.28.<\/time><\/div><\/div>\n\n<\/li><li class=\"wp-block-post post-12940 post type-post status-publish format-standard has-post-thumbnail hentry category-kultura category-mozaik tag-kultura tag-mozaik tag-program tag-rendezveny\">\n\n<div class=\"wp-block-group is-layout-flow wp-block-group-is-layout-flow\" style=\"padding-top:30px;padding-right:30px;padding-bottom:30px;padding-left:30px\"><h2 class=\"wp-block-post-title\"><a href=\"https:\/\/www.part-oldalak.hu\/wordpress\/2026\/03\/17\/iden-mar-otodik-alkalommal-rendezik-meg-a-parti-fesztivalt\/\" target=\"_self\" >Id\u00e9n m\u00e1r \u00f6t\u00f6dik alkalommal rendezik meg a PARTI Fesztiv\u00e1lt!<\/a><\/h2>\n\n<div class=\"wp-block-post-excerpt\"><p class=\"wp-block-post-excerpt__excerpt\">Ki gondolta volna, hogy amikor 2022-ben el\u0151sz\u00f6r meghirdett\u00e9k az esem\u00e9nyt, a fesztiv\u00e1l akkora sikernek \u00f6rvend majd, hogy hamarosan m\u00e1r az \u00f6t\u00f6dik sz\u00fclet\u00e9snapj\u00e1t \u00fcnnepelheti? <\/p><\/div>\n\n<div class=\"wp-block-post-date\"><time datetime=\"2026-03-17T21:31:15+01:00\">2026.03.17.<\/time><\/div><\/div>\n\n<\/li><li class=\"wp-block-post post-12854 post type-post status-publish format-standard has-post-thumbnail hentry category-mozaik tag-mozaik\">\n\n<div class=\"wp-block-group is-layout-flow wp-block-group-is-layout-flow\" style=\"padding-top:30px;padding-right:30px;padding-bottom:30px;padding-left:30px\"><h2 class=\"wp-block-post-title\"><a href=\"https:\/\/www.part-oldalak.hu\/wordpress\/2026\/02\/08\/ismeros-arcok-a-vajai-2-resz\/\" target=\"_self\" >Ismer\u0151s arcok: A Vajai 2. r\u00e9sz<\/a><\/h2>\n\n<div class=\"wp-block-post-excerpt\"><p class=\"wp-block-post-excerpt__excerpt\">Emberek, akiket ismer a v\u00e1ros. Jelens\u00e9gek, figur\u00e1k, arcok, fazonok. \u0150ket nem kell elmagyar\u00e1zni senkinek. <\/p><\/div>\n\n<div class=\"wp-block-post-date\"><time datetime=\"2026-02-08T20:28:22+01:00\">2026.02.08.<\/time><\/div><\/div>\n\n<\/li><li class=\"wp-block-post post-12848 post type-post status-publish format-standard has-post-thumbnail hentry category-mozaik tag-mozaik\">\n\n<div class=\"wp-block-group is-layout-flow wp-block-group-is-layout-flow\" style=\"padding-top:30px;padding-right:30px;padding-bottom:30px;padding-left:30px\"><h2 class=\"wp-block-post-title\"><a href=\"https:\/\/www.part-oldalak.hu\/wordpress\/2026\/02\/05\/ismeros-arcok-a-vajai\/\" target=\"_self\" >Ismer\u0151s arcok: A Vajai<\/a><\/h2>\n\n<div class=\"wp-block-post-excerpt\"><p class=\"wp-block-post-excerpt__excerpt\">Emberek, akiket ismer a v\u00e1ros. Jelens\u00e9gek, figur\u00e1k, arcok, fazonok. \u0150ket nem kell elmagyar\u00e1zni senkinek. <\/p><\/div>\n\n<div class=\"wp-block-post-date\"><time datetime=\"2026-02-05T23:32:55+01:00\">2026.02.05.<\/time><\/div><\/div>\n\n<\/li><li class=\"wp-block-post post-12791 post type-post status-publish format-standard has-post-thumbnail hentry category-mozaik tag-mozaik\">\n\n<div class=\"wp-block-group is-layout-flow wp-block-group-is-layout-flow\" style=\"padding-top:30px;padding-right:30px;padding-bottom:30px;padding-left:30px\"><h2 class=\"wp-block-post-title\"><a href=\"https:\/\/www.part-oldalak.hu\/wordpress\/2026\/01\/09\/a-dunai-vasmu-21-szazadi-korszaka-valsag-atalakulas-felszamolas\/\" target=\"_self\" >A Dunai Vasm\u0171 21. sz\u00e1zadi korszaka: v\u00e1ls\u00e1g, \u00e1talakul\u00e1s, felsz\u00e1mol\u00e1s<\/a><\/h2>\n\n<div class=\"wp-block-post-excerpt\"><p class=\"wp-block-post-excerpt__excerpt\">A vasm\u0171 bez\u00e1r\u00e1sa jelent\u0151sen \u00e9rintette a helyi gazdas\u00e1got, foglalkoztat\u00e1st \u00e9s t\u00e1rsadalmi szerkezetet. <\/p><\/div>\n\n<div class=\"wp-block-post-date\"><time datetime=\"2026-01-09T00:33:45+01:00\">2026.01.09.<\/time><\/div><\/div>\n\n<\/li><\/ul><\/div>\n","protected":false},"excerpt":{"rendered":"","protected":false},"author":2,"featured_media":0,"parent":0,"menu_order":0,"comment_status":"closed","ping_status":"closed","template":"","meta":{"_monsterinsights_skip_tracking":false,"_monsterinsights_sitenote_active":false,"_monsterinsights_sitenote_note":"","_monsterinsights_sitenote_category":0,"footnotes":""},"class_list":["post-79","page","type-page","status-publish","hentry"],"aioseo_notices":[],"yoast_head":"<!-- This site is optimized with the Yoast SEO plugin v25.6 - https:\/\/yoast.com\/wordpress\/plugins\/seo\/ -->\n<title>Mozaik - Part-Oldalak Kultur\u00e1lis Egylet<\/title>\n<meta name=\"robots\" content=\"index, follow, max-snippet:-1, max-image-preview:large, max-video-preview:-1\" \/>\n<link rel=\"canonical\" href=\"https:\/\/www.part-oldalak.hu\/wordpress\/mozaik\/\" \/>\n<meta property=\"og:locale\" content=\"hu_HU\" \/>\n<meta property=\"og:type\" content=\"article\" \/>\n<meta property=\"og:title\" content=\"Mozaik - Part-Oldalak Kultur\u00e1lis Egylet\" \/>\n<meta property=\"og:url\" content=\"https:\/\/www.part-oldalak.hu\/wordpress\/mozaik\/\" \/>\n<meta property=\"og:site_name\" content=\"Part-Oldalak Kultur\u00e1lis Egylet\" \/>\n<meta property=\"article:modified_time\" content=\"2022-01-19T12:23:16+00:00\" \/>\n<meta name=\"twitter:card\" content=\"summary_large_image\" \/>\n<script type=\"application\/ld+json\" class=\"yoast-schema-graph\">{\"@context\":\"https:\/\/schema.org\",\"@graph\":[{\"@type\":\"WebPage\",\"@id\":\"https:\/\/www.part-oldalak.hu\/wordpress\/mozaik\/\",\"url\":\"https:\/\/www.part-oldalak.hu\/wordpress\/mozaik\/\",\"name\":\"Mozaik - Part-Oldalak Kultur\u00e1lis Egylet\",\"isPartOf\":{\"@id\":\"https:\/\/www.part-oldalak.hu\/wordpress\/#website\"},\"datePublished\":\"2021-12-13T13:45:02+00:00\",\"dateModified\":\"2022-01-19T12:23:16+00:00\",\"breadcrumb\":{\"@id\":\"https:\/\/www.part-oldalak.hu\/wordpress\/mozaik\/#breadcrumb\"},\"inLanguage\":\"hu\",\"potentialAction\":[{\"@type\":\"ReadAction\",\"target\":[\"https:\/\/www.part-oldalak.hu\/wordpress\/mozaik\/\"]}]},{\"@type\":\"BreadcrumbList\",\"@id\":\"https:\/\/www.part-oldalak.hu\/wordpress\/mozaik\/#breadcrumb\",\"itemListElement\":[{\"@type\":\"ListItem\",\"position\":1,\"name\":\"Kezd\u0151lap\",\"item\":\"https:\/\/www.part-oldalak.hu\/wordpress\/\"},{\"@type\":\"ListItem\",\"position\":2,\"name\":\"Mozaik\"}]},{\"@type\":\"WebSite\",\"@id\":\"https:\/\/www.part-oldalak.hu\/wordpress\/#website\",\"url\":\"https:\/\/www.part-oldalak.hu\/wordpress\/\",\"name\":\"Part-Oldalak Kultur\u00e1lis Egylet\",\"description\":\"\",\"potentialAction\":[{\"@type\":\"SearchAction\",\"target\":{\"@type\":\"EntryPoint\",\"urlTemplate\":\"https:\/\/www.part-oldalak.hu\/wordpress\/?s={search_term_string}\"},\"query-input\":{\"@type\":\"PropertyValueSpecification\",\"valueRequired\":true,\"valueName\":\"search_term_string\"}}],\"inLanguage\":\"hu\"}]}<\/script>\n<!-- \/ Yoast SEO plugin. -->","yoast_head_json":{"title":"Mozaik - Part-Oldalak Kultur\u00e1lis Egylet","robots":{"index":"index","follow":"follow","max-snippet":"max-snippet:-1","max-image-preview":"max-image-preview:large","max-video-preview":"max-video-preview:-1"},"canonical":"https:\/\/www.part-oldalak.hu\/wordpress\/mozaik\/","og_locale":"hu_HU","og_type":"article","og_title":"Mozaik - Part-Oldalak Kultur\u00e1lis Egylet","og_url":"https:\/\/www.part-oldalak.hu\/wordpress\/mozaik\/","og_site_name":"Part-Oldalak Kultur\u00e1lis Egylet","article_modified_time":"2022-01-19T12:23:16+00:00","twitter_card":"summary_large_image","schema":{"@context":"https:\/\/schema.org","@graph":[{"@type":"WebPage","@id":"https:\/\/www.part-oldalak.hu\/wordpress\/mozaik\/","url":"https:\/\/www.part-oldalak.hu\/wordpress\/mozaik\/","name":"Mozaik - Part-Oldalak Kultur\u00e1lis Egylet","isPartOf":{"@id":"https:\/\/www.part-oldalak.hu\/wordpress\/#website"},"datePublished":"2021-12-13T13:45:02+00:00","dateModified":"2022-01-19T12:23:16+00:00","breadcrumb":{"@id":"https:\/\/www.part-oldalak.hu\/wordpress\/mozaik\/#breadcrumb"},"inLanguage":"hu","potentialAction":[{"@type":"ReadAction","target":["https:\/\/www.part-oldalak.hu\/wordpress\/mozaik\/"]}]},{"@type":"BreadcrumbList","@id":"https:\/\/www.part-oldalak.hu\/wordpress\/mozaik\/#breadcrumb","itemListElement":[{"@type":"ListItem","position":1,"name":"Kezd\u0151lap","item":"https:\/\/www.part-oldalak.hu\/wordpress\/"},{"@type":"ListItem","position":2,"name":"Mozaik"}]},{"@type":"WebSite","@id":"https:\/\/www.part-oldalak.hu\/wordpress\/#website","url":"https:\/\/www.part-oldalak.hu\/wordpress\/","name":"Part-Oldalak Kultur\u00e1lis Egylet","description":"","potentialAction":[{"@type":"SearchAction","target":{"@type":"EntryPoint","urlTemplate":"https:\/\/www.part-oldalak.hu\/wordpress\/?s={search_term_string}"},"query-input":{"@type":"PropertyValueSpecification","valueRequired":true,"valueName":"search_term_string"}}],"inLanguage":"hu"}]}},"_links":{"self":[{"href":"https:\/\/www.part-oldalak.hu\/wordpress\/wp-json\/wp\/v2\/pages\/79"}],"collection":[{"href":"https:\/\/www.part-oldalak.hu\/wordpress\/wp-json\/wp\/v2\/pages"}],"about":[{"href":"https:\/\/www.part-oldalak.hu\/wordpress\/wp-json\/wp\/v2\/types\/page"}],"author":[{"embeddable":true,"href":"https:\/\/www.part-oldalak.hu\/wordpress\/wp-json\/wp\/v2\/users\/2"}],"replies":[{"embeddable":true,"href":"https:\/\/www.part-oldalak.hu\/wordpress\/wp-json\/wp\/v2\/comments?post=79"}],"version-history":[{"count":2,"href":"https:\/\/www.part-oldalak.hu\/wordpress\/wp-json\/wp\/v2\/pages\/79\/revisions"}],"predecessor-version":[{"id":377,"href":"https:\/\/www.part-oldalak.hu\/wordpress\/wp-json\/wp\/v2\/pages\/79\/revisions\/377"}],"wp:attachment":[{"href":"https:\/\/www.part-oldalak.hu\/wordpress\/wp-json\/wp\/v2\/media?parent=79"}],"curies":[{"name":"wp","href":"https:\/\/api.w.org\/{rel}","templated":true}]}}